{"id":44,"date":"2021-03-04T13:19:28","date_gmt":"2021-03-04T13:19:28","guid":{"rendered":"https:\/\/vmmtec.de\/?page_id=44"},"modified":"2024-11-23T18:36:03","modified_gmt":"2024-11-23T18:36:03","slug":"unternehmen","status":"publish","type":"page","link":"https:\/\/vmmtec.de\/en\/unternehmen\/","title":{"rendered":"Company"},"content":{"rendered":"<div data-elementor-type=\"wp-page\" data-elementor-id=\"44\" class=\"elementor elementor-44\">\n\t\t\t\t\t\t<section class=\"elementor-section elementor-top-section elementor-element elementor-element-399540c4 elementor-section-height-min-height elementor-section-boxed elementor-section-height-default elementor-section-items-middle\" data-id=\"399540c4\" data-element_type=\"section\" data-e-type=\"section\" data-settings=\"{&quot;background_background&quot;:&quot;classic&quot;}\">\n\t\t\t\t\t\t\t<div class=\"elementor-background-overlay\"><\/div>\n\t\t\t\t\t\t\t<div class=\"elementor-container elementor-column-gap-default\">\n\t\t\t\t\t<div class=\"elementor-column elementor-col-100 elementor-top-column elementor-element elementor-element-25ec6f2b\" data-id=\"25ec6f2b\" data-element_type=\"column\" data-e-type=\"column\">\n\t\t\t<div class=\"elementor-widget-wrap elementor-element-populated\">\n\t\t\t\t\t\t<div class=\"elementor-element elementor-element-7071639d elementor-widget elementor-widget-heading\" data-id=\"7071639d\" data-element_type=\"widget\" data-e-type=\"widget\" data-widget_type=\"heading.default\">\n\t\t\t\t<div class=\"elementor-widget-container\">\n\t\t\t\t\t<h1 class=\"elementor-heading-title elementor-size-default\">Company<\/h1>\t\t\t\t<\/div>\n\t\t\t\t<\/div>\n\t\t\t\t\t<\/div>\n\t\t<\/div>\n\t\t\t\t\t<\/div>\n\t\t<\/section>\n\t\t\t\t<section class=\"elementor-section elementor-inner-section elementor-element elementor-element-6181f449 elementor-section-boxed elementor-section-height-default elementor-section-height-default\" data-id=\"6181f449\" data-element_type=\"section\" data-e-type=\"section\">\n\t\t\t\t\t\t<div class=\"elementor-container elementor-column-gap-default\">\n\t\t\t\t\t<div class=\"elementor-column elementor-col-50 elementor-inner-column elementor-element elementor-element-7ae02acc elementor-invisible\" data-id=\"7ae02acc\" data-element_type=\"column\" data-e-type=\"column\" data-settings=\"{&quot;background_background&quot;:&quot;classic&quot;,&quot;animation&quot;:&quot;zoomIn&quot;,&quot;animation_delay&quot;:170}\">\n\t\t\t<div class=\"elementor-widget-wrap elementor-element-populated\">\n\t\t\t\t\t\t<div class=\"elementor-element elementor-element-f8364ad elementor-widget elementor-widget-heading\" data-id=\"f8364ad\" data-element_type=\"widget\" data-e-type=\"widget\" data-widget_type=\"heading.default\">\n\t\t\t\t<div class=\"elementor-widget-container\">\n\t\t\t\t\t<h2 class=\"elementor-heading-title elementor-size-default\">Christian Hilber<\/h2>\t\t\t\t<\/div>\n\t\t\t\t<\/div>\n\t\t\t\t<div class=\"elementor-element elementor-element-d3e830a elementor-widget elementor-widget-heading\" data-id=\"d3e830a\" data-element_type=\"widget\" data-e-type=\"widget\" data-widget_type=\"heading.default\">\n\t\t\t\t<div class=\"elementor-widget-container\">\n\t\t\t\t\t<span class=\"elementor-heading-title elementor-size-default\">Gesch\u00e4ftsf\u00fchrer<\/span>\t\t\t\t<\/div>\n\t\t\t\t<\/div>\n\t\t\t\t<div class=\"elementor-element elementor-element-28b5513e elementor-widget elementor-widget-text-editor\" data-id=\"28b5513e\" data-element_type=\"widget\" data-e-type=\"widget\" data-widget_type=\"text-editor.default\">\n\t\t\t\t<div class=\"elementor-widget-container\">\n\t\t\t\t\t\t\t\t\t<p>Christian Hilber ist Gesch\u00e4ftsf\u00fchrer und Gr\u00fcnder der vmmtec consulting GmbH. Er bildet die Speerspitze der vmmtec, sucht stetig neue Herausforderungen und \u00fcbernimmt weltweit Projekte, bei denen andere Dienstleister l\u00e4ngst aufgeben. Du darfst keinen Plan B haben, wenn Plan A funktionieren soll!<\/p>\t\t\t\t\t\t\t\t<\/div>\n\t\t\t\t<\/div>\n\t\t\t\t<div class=\"elementor-element elementor-element-b6913b9 elementor-widget elementor-widget-text-editor\" data-id=\"b6913b9\" data-element_type=\"widget\" data-e-type=\"widget\" data-widget_type=\"text-editor.default\">\n\t\t\t\t<div class=\"elementor-widget-container\">\n\t\t\t\t\t\t\t\t\t<p>Scrum Master and Scrum Framework<\/p><p>The Open Group TOGAF V9 Level 1 and 2<\/p><p>Microsoft Certified Solutions Expert: Productivity<\/p><p>Microsoft Certified Solutions Associate: Microsoft Office 365<\/p>\t\t\t\t\t\t\t\t<\/div>\n\t\t\t\t<\/div>\n\t\t\t\t\t<\/div>\n\t\t<\/div>\n\t\t\t\t<div class=\"elementor-column elementor-col-50 elementor-inner-column elementor-element elementor-element-63c4d20\" data-id=\"63c4d20\" data-element_type=\"column\" data-e-type=\"column\">\n\t\t\t<div class=\"elementor-widget-wrap elementor-element-populated\">\n\t\t\t\t\t\t<div class=\"elementor-element elementor-element-74207b4 elementor-widget elementor-widget-image\" data-id=\"74207b4\" data-element_type=\"widget\" data-e-type=\"widget\" data-widget_type=\"image.default\">\n\t\t\t\t<div class=\"elementor-widget-container\">\n\t\t\t\t\t\t\t\t\t\t\t\t\t\t\t<img decoding=\"async\" src=\"https:\/\/vmmtec.de\/wp-content\/uploads\/elementor\/thumbs\/christian-hilber-gruender-vmmtec-p5f3ckq8oegnm9m6t77079g7796085ituxqatcza0g.jpg\" title=\"christian hilber gr\u00fcnder vmmtec\" alt=\"christian hilber gr\u00fcnder vmmtec\" loading=\"lazy\" \/>\t\t\t\t\t\t\t\t\t\t\t\t\t\t\t<\/div>\n\t\t\t\t<\/div>\n\t\t\t\t\t<\/div>\n\t\t<\/div>\n\t\t\t\t\t<\/div>\n\t\t<\/section>\n\t\t\t\t<section class=\"elementor-section elementor-inner-section elementor-element elementor-element-4195fbfc elementor-section-boxed elementor-section-height-default elementor-section-height-default\" data-id=\"4195fbfc\" data-element_type=\"section\" data-e-type=\"section\">\n\t\t\t\t\t\t<div class=\"elementor-container elementor-column-gap-default\">\n\t\t\t\t\t<div class=\"elementor-column elementor-col-100 elementor-inner-column elementor-element elementor-element-17a06a51 elementor-invisible\" data-id=\"17a06a51\" data-element_type=\"column\" data-e-type=\"column\" data-settings=\"{&quot;background_background&quot;:&quot;classic&quot;,&quot;animation&quot;:&quot;zoomIn&quot;,&quot;animation_delay&quot;:80}\">\n\t\t\t<div class=\"elementor-widget-wrap elementor-element-populated\">\n\t\t\t\t\t\t<div class=\"elementor-element elementor-element-f6b05df elementor-widget elementor-widget-heading\" data-id=\"f6b05df\" data-element_type=\"widget\" data-e-type=\"widget\" data-widget_type=\"heading.default\">\n\t\t\t\t<div class=\"elementor-widget-container\">\n\t\t\t\t\t<h2 class=\"elementor-heading-title elementor-size-default\">Unternehmensphilosophie<\/h2>\t\t\t\t<\/div>\n\t\t\t\t<\/div>\n\t\t\t\t<div class=\"elementor-element elementor-element-25f8d2a4 elementor-widget elementor-widget-text-editor\" data-id=\"25f8d2a4\" data-element_type=\"widget\" data-e-type=\"widget\" data-widget_type=\"text-editor.default\">\n\t\t\t\t<div class=\"elementor-widget-container\">\n\t\t\t\t\t\t\t\t\t<p>Unsere Kompetenzen basieren auf Innovationskraft, Flexibilit\u00e4t und Kreativit\u00e4t &#8211; damit Sie Zeit f\u00fcr Ihre Kunden haben und nicht Ihre IT verwalten m\u00fcssen.<\/p><p>Wir zeichnen uns durch verantwortliches, verl\u00e4ssliches und ergebnisorientiertes Handeln in unserer Arbeit f\u00fcr den Kunden aus. Dass wir gesetzte Fristen einhalten, ist f\u00fcr uns eine Selbstverst\u00e4ndlichkeit.<\/p><p>Integrit\u00e4t ist f\u00fcr uns die Basis im t\u00e4glichen Miteinander und im Verh\u00e4ltnis zu Kunden, Lieferanten und Gesch\u00e4ftspartnern.<\/p>\t\t\t\t\t\t\t\t<\/div>\n\t\t\t\t<\/div>\n\t\t\t\t<div class=\"elementor-element elementor-element-3e03e7d elementor-widget elementor-widget-text-editor\" data-id=\"3e03e7d\" data-element_type=\"widget\" data-e-type=\"widget\" data-widget_type=\"text-editor.default\">\n\t\t\t\t<div class=\"elementor-widget-container\">\n\t\t\t\t\t\t\t\t\t<p>Schonender Umgang mit knappen Ressourcen &#8211; \u00d6kologie, Menschen, Zeit und Finanzen &#8211; ist unsere Pr\u00e4misse.<\/p><p>Und nat\u00fcrlich geht es f\u00fcr uns darum, selber Schritt zu halten mit der Entwicklung von Technologie und Markt. Wir schauen gerne \u00fcber den Tellerrand hinaus &#8211; mit regelm\u00e4\u00dfige Schulungen und Zertifizierungen bleiben wir am Puls der Zeit.<\/p><p>Wir erg\u00e4nzen aus unserem Pool von Partnern unser Leistungsspektrum.<\/p><p>Wir arbeiten f\u00fcr Sie von der ersten Idee bis zur fertigen IT-Infrastruktur, damit Sie alles aus einer Hand erhalten. Von Hard- und Software bis hin zum professionellen <a title=\"Services\" href=\"https:\/\/vmmtec.de\/en\/services\/\" rel=\"\">Service<\/a>.<\/p><p><b>Cloud<\/b>, <b>Digitalisierung<\/b> und <b>Managed Services<\/b> stehen bei uns im Fokus.<\/p><p>Ihre Anforderungen und spezifischen Themen sind uns wichtig. Mit uns haben Sie einen erfahrenen <a title=\"Partner\" href=\"https:\/\/you-big-blog.com\/\" target=\"_blank\" rel=\"noopener\">Partner<\/a> an der Seite.<\/p>\t\t\t\t\t\t\t\t<\/div>\n\t\t\t\t<\/div>\n\t\t\t\t\t<\/div>\n\t\t<\/div>\n\t\t\t\t\t<\/div>\n\t\t<\/section>\n\t\t\t\t<section class=\"elementor-section elementor-top-section elementor-element elementor-element-20007d04 elementor-section-boxed elementor-section-height-default elementor-section-height-default elementor-invisible\" data-id=\"20007d04\" data-element_type=\"section\" data-e-type=\"section\" data-settings=\"{&quot;animation&quot;:&quot;fadeIn&quot;,&quot;background_background&quot;:&quot;classic&quot;}\">\n\t\t\t\t\t\t<div class=\"elementor-container elementor-column-gap-default\">\n\t\t\t\t\t<div class=\"elementor-column elementor-col-50 elementor-top-column elementor-element elementor-element-74ed85ff\" data-id=\"74ed85ff\" data-element_type=\"column\" data-e-type=\"column\">\n\t\t\t<div class=\"elementor-widget-wrap elementor-element-populated\">\n\t\t\t\t\t\t<div class=\"elementor-element elementor-element-6b04115 elementor-widget elementor-widget-heading\" data-id=\"6b04115\" data-element_type=\"widget\" data-e-type=\"widget\" data-widget_type=\"heading.default\">\n\t\t\t\t<div class=\"elementor-widget-container\">\n\t\t\t\t\t<p class=\"elementor-heading-title elementor-size-default\">Wir nehmen uns f\u00fcr Sie Zeit.<br><br>Lassen Sie uns \u00fcber Ihr Unternehmen sprechen!<\/p>\t\t\t\t<\/div>\n\t\t\t\t<\/div>\n\t\t\t\t\t<\/div>\n\t\t<\/div>\n\t\t\t\t<div class=\"elementor-column elementor-col-50 elementor-top-column elementor-element elementor-element-6bb5c415\" data-id=\"6bb5c415\" data-element_type=\"column\" data-e-type=\"column\">\n\t\t\t<div class=\"elementor-widget-wrap elementor-element-populated\">\n\t\t\t\t\t\t<div class=\"elementor-element elementor-element-106606c3 elementor-align-center elementor-mobile-align-center elementor-widget elementor-widget-button\" data-id=\"106606c3\" data-element_type=\"widget\" data-e-type=\"widget\" data-widget_type=\"button.default\">\n\t\t\t\t<div class=\"elementor-widget-container\">\n\t\t\t\t\t\t\t\t\t<div class=\"elementor-button-wrapper\">\n\t\t\t\t\t<a class=\"elementor-button elementor-button-link elementor-size-md elementor-animation-shrink\" href=\"\/en\/kontakt\/\">\n\t\t\t\t\t\t<span class=\"elementor-button-content-wrapper\">\n\t\t\t\t\t\t\t\t\t<span class=\"elementor-button-text\">Contact Us<\/span>\n\t\t\t\t\t<\/span>\n\t\t\t\t\t<\/a>\n\t\t\t\t<\/div>\n\t\t\t\t\t\t\t\t<\/div>\n\t\t\t\t<\/div>\n\t\t\t\t\t<\/div>\n\t\t<\/div>\n\t\t\t\t\t<\/div>\n\t\t<\/section>\n\t\t\t\t<section class=\"elementor-section elementor-top-section elementor-element elementor-element-16609142 elementor-section-content-middle elementor-section-boxed elementor-section-height-default elementor-section-height-default\" data-id=\"16609142\" data-element_type=\"section\" data-e-type=\"section\" data-settings=\"{&quot;background_background&quot;:&quot;classic&quot;}\">\n\t\t\t\t\t\t<div class=\"elementor-container elementor-column-gap-default\">\n\t\t\t\t\t<div class=\"elementor-column elementor-col-50 elementor-top-column elementor-element elementor-element-2ba7e6f9\" data-id=\"2ba7e6f9\" data-element_type=\"column\" data-e-type=\"column\">\n\t\t\t<div class=\"elementor-widget-wrap elementor-element-populated\">\n\t\t\t\t\t\t<div class=\"elementor-element elementor-element-74f4e49 elementor-widget elementor-widget-nav-menu\" data-id=\"74f4e49\" data-element_type=\"widget\" data-e-type=\"widget\" data-widget_type=\"nav-menu.default\">\n\t\t\t\t<div class=\"elementor-widget-container\">\n\t\t\t\t\t \t\t\t\t<\/div>\n\t\t\t\t<\/div>\n\t\t\t\t\t<\/div>\n\t\t<\/div>\n\t\t\t\t<div class=\"elementor-column elementor-col-50 elementor-top-column elementor-element elementor-element-520d76ae\" data-id=\"520d76ae\" data-element_type=\"column\" data-e-type=\"column\">\n\t\t\t<div class=\"elementor-widget-wrap elementor-element-populated\">\n\t\t\t\t\t\t<div class=\"elementor-element elementor-element-5642a67c elementor-widget elementor-widget-text-editor\" data-id=\"5642a67c\" data-element_type=\"widget\" data-e-type=\"widget\" data-widget_type=\"text-editor.default\">\n\t\t\t\t<div class=\"elementor-widget-container\">\n\t\t\t\t\t\t\t\t\t<p style=\"text-align: center;\">Copyright \u00a9 2021 vmmtec consulting GmbH &#8211; info@vmmtec.de<\/p><p style=\"text-align: center;\"><span style=\"color: #ffffff;\"><a style=\"color: #ffffff;\" href=\"https:\/\/vmmtec.de\/en\/impressum\/\">IMPRESSUM\u00a0<\/a>\u00a0 &#8211;\u00a0 <\/span><a href=\"https:\/\/vmmtec.de\/en\/datenschutzerklaerung\/\"><span style=\"color: #ffffff;\">DATENSCHUTZ<\/span><\/a><\/p>\t\t\t\t\t\t\t\t<\/div>\n\t\t\t\t<\/div>\n\t\t\t\t\t<\/div>\n\t\t<\/div>\n\t\t\t\t\t<\/div>\n\t\t<\/section>\n\t\t\t\t<\/div>","protected":false},"excerpt":{"rendered":"<p>Unternehmen Christian Hilber Gesch\u00e4ftsf\u00fchrer Christian Hilber ist Gesch\u00e4ftsf\u00fchrer und Gr\u00fcnder der vmmtec consulting GmbH. Er bildet die Speerspitze der vmmtec, sucht stetig neue Herausforderungen und \u00fcbernimmt weltweit Projekte, bei denen andere Dienstleister l\u00e4ngst aufgeben. Du darfst keinen Plan B haben, wenn Plan A funktionieren soll! Scrum Master and Scrum Framework The Open Group TOGAF V9 [&hellip;]<\/p>\n","protected":false},"author":1,"featured_media":494,"parent":0,"menu_order":0,"comment_status":"closed","ping_status":"closed","template":"","meta":{"footnotes":""},"class_list":["post-44","page","type-page","status-publish","has-post-thumbnail","hentry","entry","has-media"],"_links":{"self":[{"href":"https:\/\/vmmtec.de\/en\/wp-json\/wp\/v2\/pages\/44","targetHints":{"allow":["GET"]}}],"collection":[{"href":"https:\/\/vmmtec.de\/en\/wp-json\/wp\/v2\/pages"}],"about":[{"href":"https:\/\/vmmtec.de\/en\/wp-json\/wp\/v2\/types\/page"}],"author":[{"embeddable":true,"href":"https:\/\/vmmtec.de\/en\/wp-json\/wp\/v2\/users\/1"}],"replies":[{"embeddable":true,"href":"https:\/\/vmmtec.de\/en\/wp-json\/wp\/v2\/comments?post=44"}],"version-history":[{"count":7,"href":"https:\/\/vmmtec.de\/en\/wp-json\/wp\/v2\/pages\/44\/revisions"}],"predecessor-version":[{"id":2716,"href":"https:\/\/vmmtec.de\/en\/wp-json\/wp\/v2\/pages\/44\/revisions\/2716"}],"wp:featuredmedia":[{"embeddable":true,"href":"https:\/\/vmmtec.de\/en\/wp-json\/wp\/v2\/media\/494"}],"wp:attachment":[{"href":"https:\/\/vmmtec.de\/en\/wp-json\/wp\/v2\/media?parent=44"}],"curies":[{"name":"wp","href":"https:\/\/api.w.org\/{rel}","templated":true}]}}