{"id":67,"date":"2021-03-04T13:32:07","date_gmt":"2021-03-04T13:32:07","guid":{"rendered":"https:\/\/vmmtec.de\/?page_id=67"},"modified":"2026-02-24T11:53:22","modified_gmt":"2026-02-24T11:53:22","slug":"impressum","status":"publish","type":"page","link":"https:\/\/vmmtec.de\/en\/impressum\/","title":{"rendered":"Impressum"},"content":{"rendered":"<div data-elementor-type=\"wp-page\" data-elementor-id=\"67\" class=\"elementor elementor-67\">\n\t\t\t\t\t\t<section class=\"elementor-section elementor-top-section elementor-element elementor-element-10bb0df7 elementor-section-height-min-height elementor-section-full_width elementor-section-content-middle elementor-section-height-default elementor-section-items-middle\" data-id=\"10bb0df7\" data-element_type=\"section\" data-e-type=\"section\" data-settings=\"{&quot;background_background&quot;:&quot;classic&quot;}\">\n\t\t\t\t\t\t<div class=\"elementor-container elementor-column-gap-default\">\n\t\t\t\t\t<div class=\"elementor-column elementor-col-100 elementor-top-column elementor-element elementor-element-78ad9cc3\" data-id=\"78ad9cc3\" data-element_type=\"column\" data-e-type=\"column\">\n\t\t\t<div class=\"elementor-widget-wrap elementor-element-populated\">\n\t\t\t\t\t\t<div class=\"elementor-element elementor-element-228a5489 elementor-widget elementor-widget-heading\" data-id=\"228a5489\" data-element_type=\"widget\" data-e-type=\"widget\" data-widget_type=\"heading.default\">\n\t\t\t\t<div class=\"elementor-widget-container\">\n\t\t\t\t\t<h1 class=\"elementor-heading-title elementor-size-default\">Impressum<\/h1>\t\t\t\t<\/div>\n\t\t\t\t<\/div>\n\t\t\t\t\t<\/div>\n\t\t<\/div>\n\t\t\t\t\t<\/div>\n\t\t<\/section>\n\t\t\t\t<section class=\"elementor-section elementor-top-section elementor-element elementor-element-63d4b2d elementor-section-boxed elementor-section-height-default elementor-section-height-default\" data-id=\"63d4b2d\" data-element_type=\"section\" data-e-type=\"section\">\n\t\t\t\t\t\t<div class=\"elementor-container elementor-column-gap-default\">\n\t\t\t\t\t<div class=\"elementor-column elementor-col-100 elementor-top-column elementor-element elementor-element-20daccd\" data-id=\"20daccd\" data-element_type=\"column\" data-e-type=\"column\">\n\t\t\t<div class=\"elementor-widget-wrap elementor-element-populated\">\n\t\t\t\t\t\t<div class=\"elementor-element elementor-element-154c4ae elementor-widget elementor-widget-spacer\" data-id=\"154c4ae\" data-element_type=\"widget\" data-e-type=\"widget\" data-widget_type=\"spacer.default\">\n\t\t\t\t<div class=\"elementor-widget-container\">\n\t\t\t\t\t\t\t<div class=\"elementor-spacer\">\n\t\t\t<div class=\"elementor-spacer-inner\"><\/div>\n\t\t<\/div>\n\t\t\t\t\t\t<\/div>\n\t\t\t\t<\/div>\n\t\t\t\t\t<\/div>\n\t\t<\/div>\n\t\t\t\t\t<\/div>\n\t\t<\/section>\n\t\t\t\t<section class=\"elementor-section elementor-top-section elementor-element elementor-element-2b8f2cb elementor-section-boxed elementor-section-height-default elementor-section-height-default\" data-id=\"2b8f2cb\" data-element_type=\"section\" data-e-type=\"section\">\n\t\t\t\t\t\t<div class=\"elementor-container elementor-column-gap-default\">\n\t\t\t\t\t<div class=\"elementor-column elementor-col-100 elementor-top-column elementor-element elementor-element-76645a0\" data-id=\"76645a0\" data-element_type=\"column\" data-e-type=\"column\">\n\t\t\t<div class=\"elementor-widget-wrap elementor-element-populated\">\n\t\t\t\t\t\t<div class=\"elementor-element elementor-element-af15fff elementor-widget elementor-widget-text-editor\" data-id=\"af15fff\" data-element_type=\"widget\" data-e-type=\"widget\" data-widget_type=\"text-editor.default\">\n\t\t\t\t<div class=\"elementor-widget-container\">\n\t\t\t\t\t\t\t\t\t<h2>Impressum Angaben gem\u00e4\u00df \u00a7 5 TMG:<\/h2>\n<p>vmmtec consulting GmbH<br>Kley 51<br>D-48308 Senden<\/p>\n<p>T: 0049 (0) 25024026325<br>F: 0049 (0) 25024026324<\/p>\n<p>I: <a href=\"https:\/\/vmmtec.de\/en\/\" target=\"_blank\" rel=\"noopener\">www.vmmtec.de<\/a><br>E: <a href=\"mailto:info@vmmtec.de\">info@vmmtec.de<\/a><\/p>\n<p>Gesch\u00e4ftsf\u00fchrer: Christian Hilber<\/p>\n<p>Amtsgericht Coesfeld<br>HRB 17619<\/p>\n<p>Finanzamt L\u00fcdinghausen<br>St-Nr. 333\/5995\/1542<br>USt-IdNr. DE319491595<\/p>\n<p>Inhaltlich Verantwortlicher gem\u00e4\u00df \u00a7 6 MDStV: Christian Hilber<\/p>\n<p>vmmtec freut sich \u00fcber Ihren Besuch auf dieser Website und Ihr Interesse an unseren Dienstleistungen.<\/p>\n<h3>Copyright:<\/h3>\n<p>Alle Rechte vorbehalten. Die Texte, Fotos und Abbildungen dieser Website unterliegen dem Urheberrecht. Eine Ver\u00f6ffentlichung, Nutzung oder \u00dcbernahme ist &#8211; auch auszugsweise &#8211; nur mit schriftlicher Zustimmung von vmmtec consulting gestattet. Die Website wurde entworfen und steht im Copyright von vmmtec consulting.<\/p>\n<h4>Hinweis auf EU-Streitschlichtung:<\/h4>\n<p>Die Europ\u00e4ische Kommission stellt eine Plattform zur Online-Streitbeilegung (OS) bereit:<\/p>\n<p><a href=\"http:\/\/ec.europa.eu\/consumers\/odr\" target=\"_blank\" rel=\"noopener\"><span style=\"color: #0000ff;\">Direktlink Europ\u00e4ische Kommission<\/span><\/a><\/p>\n<p>Unsere E-Mail-Adresse finden Sie unten im Footer.<\/p>\n<h4>Disclaimer &#8211; rechtliche Hinweise:<\/h4>\n<p>\u00a7 1 Haftungsbeschr\u00e4nkung:<\/p>\n<p>Die Inhalte dieser Website werden mit gr\u00f6\u00dftm\u00f6glicher Sorgfalt erstellt. Der Anbieter \u00fcbernimmt jedoch keine Gew\u00e4hr f\u00fcr die Richtigkeit, Vollst\u00e4ndigkeit und Aktualit\u00e4t der bereitgestellten Inhalte. Die Nutzung der Inhalte der Website erfolgt auf eigene Gefahr des Nutzers. Namentlich gekennzeichnete Beitr\u00e4ge geben die Meinung des jeweiligen Autors und nicht immer die Meinung des Anbieters wieder. Mit der reinen Nutzung der Website des Anbieters kommt keinerlei Vertragsverh\u00e4ltnis zwischen dem Nutzer und dem Anbieter zustande.<\/p>\n<p>\u00a7 2 Externe Links:<\/p>\n<p>Diese Website enth\u00e4lt Verkn\u00fcpfungen zu Websites Dritter (&#8220;externe Links&#8221;). Diese Websites unterliegen der Haftung der jeweiligen Betreiber. Der Anbieter hat bei der erstmaligen Verkn\u00fcpfung der externen Links die fremden Inhalte daraufhin \u00fcberpr\u00fcft, ob etwaige Rechtsverst\u00f6\u00dfe bestehen. Zu dem Zeitpunkt waren keine Rechtsverst\u00f6\u00dfe ersichtlich. Der Anbieter hat keinerlei Einfluss auf die aktuelle und zuk\u00fcnftige Gestaltung und auf die Inhalte der verkn\u00fcpften Seiten. Das Setzen von externen Links bedeutet nicht, dass sich der Anbieter die hinter dem Verweis oder Link liegenden Inhalte zu Eigen macht. Eine st\u00e4ndige Kontrolle der externen Links ist f\u00fcr den Anbieter ohne konkrete Hinweise auf Rechtsverst\u00f6\u00dfe nicht zumutbar. Bei Kenntnis von Rechtsverst\u00f6\u00dfen werden jedoch derartige externe Links unverz\u00fcglich gel\u00f6scht.<\/p>\n<p>\u00a7 3 Urheber- und Leistungsschutzrechte:<\/p>\n<p>Die auf dieser Website ver\u00f6ffentlichten Inhalte unterliegen dem deutschen Urheber- und Leistungsschutzrecht. Jede vom deutschen Urheber- und Leistungsschutzrecht nicht zugelassene Verwertung bedarf der vorherigen schriftlichen Zustimmung des Anbieters oder jeweiligen Rechteinhabers. Dies gilt insbesondere f\u00fcr Vervielf\u00e4ltigung, Bearbeitung, \u00dcbersetzung, Einspeicherung, Verarbeitung bzw. Wiedergabe von Inhalten in Datenbanken oder anderen elektronischen Medien und Systemen. Inhalte und Rechte Dritter sind dabei als solche gekennzeichnet. Die unerlaubte Vervielf\u00e4ltigung oder Weitergabe einzelner Inhalte oder kompletter Seiten ist nicht gestattet und strafbar. Lediglich die Herstellung von Kopien und Downloads f\u00fcr den pers\u00f6nlichen, privaten und nicht kommerziellen Gebrauch ist erlaubt. Die Darstellung dieser Website in fremden Frames ist nur mit schriftlicher Erlaubnis zul\u00e4ssig.<\/p>\n<p>\u00a7 4 Besondere Nutzungsbedingungen:<\/p>\n<p>Soweit besondere Bedingungen f\u00fcr einzelne Nutzungen dieser Website von den vorgenannten Paragraphen abweichen, wird an entsprechender Stelle ausdr\u00fccklich darauf hingewiesen. In diesem Falle gelten im jeweiligen Einzelfall die besonderen Nutzungsbedingungen.<\/p>\n<h4>Haftungshinweis:<\/h4>\n<p>Trotz sorgf\u00e4ltiger inhaltlicher Kontrolle \u00fcbernehmen wir keine Haftung f\u00fcr die Inhalte externer Links. F\u00fcr den Inhalt der verlinkten Seiten sind ausschlie\u00dflich deren Betreiber verantwortlich.<\/p>\n<h4>Bildrechte:<\/h4>\n<p>Bilder werden nach bestem Wissen und Gewissen ausgesucht, mit vorheriger Kontrolle der Rechtslage. Zum gro\u00dfen Teil stammen die hier gezeigten <a title=\"Bilder kaufen\" href=\"https:\/\/buyrealstock.de\/\" target=\"_blank\" rel=\"noopener\">Bilder<\/a> von:<\/p>\n<p><span style=\"color: #0000ff;\"><a style=\"color: #0000ff;\" title=\"Anastasia Kapluggin\" href=\"https:\/\/kapluggin.com\/\" target=\"_blank\" rel=\"noopener\">Anastasia Kapluggin<\/a><\/span><\/p>\n<p><a title=\"Datenschutzerkl\u00e4rung\" href=\"\/en\/datenschutzerklaerung\/\"><span style=\"color: #0000ff;\">Datenschutzerkl\u00e4rung<\/span><\/a><\/p>\t\t\t\t\t\t\t\t<\/div>\n\t\t\t\t<\/div>\n\t\t\t\t\t<\/div>\n\t\t<\/div>\n\t\t\t\t\t<\/div>\n\t\t<\/section>\n\t\t\t\t<section class=\"elementor-section elementor-top-section elementor-element elementor-element-238f0780 elementor-section-content-middle elementor-section-boxed elementor-section-height-default elementor-section-height-default\" data-id=\"238f0780\" data-element_type=\"section\" data-e-type=\"section\" data-settings=\"{&quot;background_background&quot;:&quot;classic&quot;}\">\n\t\t\t\t\t\t<div class=\"elementor-container elementor-column-gap-default\">\n\t\t\t\t\t<div class=\"elementor-column elementor-col-50 elementor-top-column elementor-element elementor-element-77a1ef95\" data-id=\"77a1ef95\" data-element_type=\"column\" data-e-type=\"column\">\n\t\t\t<div class=\"elementor-widget-wrap elementor-element-populated\">\n\t\t\t\t\t\t<div class=\"elementor-element elementor-element-5678aec elementor-widget elementor-widget-nav-menu\" data-id=\"5678aec\" data-element_type=\"widget\" data-e-type=\"widget\" data-widget_type=\"nav-menu.default\">\n\t\t\t\t<div class=\"elementor-widget-container\">\n\t\t\t\t\t \t\t\t\t<\/div>\n\t\t\t\t<\/div>\n\t\t\t\t\t<\/div>\n\t\t<\/div>\n\t\t\t\t<div class=\"elementor-column elementor-col-50 elementor-top-column elementor-element elementor-element-528fbc12\" data-id=\"528fbc12\" data-element_type=\"column\" data-e-type=\"column\">\n\t\t\t<div class=\"elementor-widget-wrap elementor-element-populated\">\n\t\t\t\t\t\t<div class=\"elementor-element elementor-element-20aa688b elementor-widget elementor-widget-text-editor\" data-id=\"20aa688b\" data-element_type=\"widget\" data-e-type=\"widget\" data-widget_type=\"text-editor.default\">\n\t\t\t\t<div class=\"elementor-widget-container\">\n\t\t\t\t\t\t\t\t\t<p style=\"text-align: center;\">Copyright \u00a9 <span class=\"topbar-content\">2021 vmmtec consulting GmbH &#8211; info@vmmtec.de<\/span><\/p><p style=\"text-align: center;\"><span style=\"color: #ffffff;\"><a style=\"color: #ffffff;\" href=\"https:\/\/vmmtec.de\/en\/impressum\/\">IMPRESSUM\u00a0<\/a>\u00a0 &#8211;\u00a0 <\/span><a href=\"https:\/\/vmmtec.de\/en\/datenschutzerklaerung\/\"><span style=\"color: #ffffff;\">DATENSCHUTZ<\/span><\/a><\/p>\t\t\t\t\t\t\t\t<\/div>\n\t\t\t\t<\/div>\n\t\t\t\t\t<\/div>\n\t\t<\/div>\n\t\t\t\t\t<\/div>\n\t\t<\/section>\n\t\t\t\t<\/div>","protected":false},"excerpt":{"rendered":"<p>Impressum Impressum Angaben gem\u00e4\u00df \u00a7 5 TMG: vmmtec consulting GmbHKley 51D-48308 Senden T: 0049 (0) 25024026325F: 0049 (0) 25024026324 I: www.vmmtec.deE: info@vmmtec.de Gesch\u00e4ftsf\u00fchrer: Christian Hilber Amtsgericht CoesfeldHRB 17619 Finanzamt L\u00fcdinghausenSt-Nr. 333\/5995\/1542USt-IdNr. DE319491595 Inhaltlich Verantwortlicher gem\u00e4\u00df \u00a7 6 MDStV: Christian Hilber vmmtec freut sich \u00fcber Ihren Besuch auf dieser Website und Ihr Interesse an unseren Dienstleistungen. [&hellip;]<\/p>\n","protected":false},"author":1,"featured_media":976,"parent":0,"menu_order":0,"comment_status":"closed","ping_status":"closed","template":"","meta":{"footnotes":""},"class_list":["post-67","page","type-page","status-publish","has-post-thumbnail","hentry","entry","has-media"],"_links":{"self":[{"href":"https:\/\/vmmtec.de\/en\/wp-json\/wp\/v2\/pages\/67","targetHints":{"allow":["GET"]}}],"collection":[{"href":"https:\/\/vmmtec.de\/en\/wp-json\/wp\/v2\/pages"}],"about":[{"href":"https:\/\/vmmtec.de\/en\/wp-json\/wp\/v2\/types\/page"}],"author":[{"embeddable":true,"href":"https:\/\/vmmtec.de\/en\/wp-json\/wp\/v2\/users\/1"}],"replies":[{"embeddable":true,"href":"https:\/\/vmmtec.de\/en\/wp-json\/wp\/v2\/comments?post=67"}],"version-history":[{"count":10,"href":"https:\/\/vmmtec.de\/en\/wp-json\/wp\/v2\/pages\/67\/revisions"}],"predecessor-version":[{"id":2745,"href":"https:\/\/vmmtec.de\/en\/wp-json\/wp\/v2\/pages\/67\/revisions\/2745"}],"wp:featuredmedia":[{"embeddable":true,"href":"https:\/\/vmmtec.de\/en\/wp-json\/wp\/v2\/media\/976"}],"wp:attachment":[{"href":"https:\/\/vmmtec.de\/en\/wp-json\/wp\/v2\/media?parent=67"}],"curies":[{"name":"wp","href":"https:\/\/api.w.org\/{rel}","templated":true}]}}